{"id":41,"date":"2025-09-19T15:31:47","date_gmt":"2025-09-19T15:31:47","guid":{"rendered":"https:\/\/privremena.sinj.hr\/?page_id=41"},"modified":"2026-03-12T14:14:52","modified_gmt":"2026-03-12T13:14:52","slug":"gradsko-vijece","status":"publish","type":"page","link":"https:\/\/privremena.sinj.hr\/en\/gradsko-vijece\/","title":{"rendered":"City council"},"content":{"rendered":"<div data-elementor-type=\"wp-page\" data-elementor-id=\"41\" class=\"elementor elementor-41\" data-elementor-post-type=\"page\">\n\t\t\t\t<div class=\"elementor-element elementor-element-2b7e48d9 e-flex e-con-boxed e-con e-parent\" data-id=\"2b7e48d9\" data-element_type=\"container\" data-e-type=\"container\">\n\t\t\t\t\t<div class=\"e-con-inner\">\n\t\t\n\t\t<div class=\"elementor-element elementor-element-9ddcb66 elementor-widget elementor-widget-spacer\" data-id=\"9ddcb66\" data-element_type=\"widget\" data-e-type=\"widget\" data-widget_type=\"spacer.default\">\n\t\t\t\t\t\t\t<div class=\"elementor-spacer\">\n\t\t\t<div class=\"elementor-spacer-inner\"><\/div>\n\t\t<\/div>\n\t\t\t\t\t\t<\/div>\n\t\t\t\t\t<\/div>\n\t\t\t\t<\/div>\n\t\t<div class=\"elementor-element elementor-element-21bf807 e-grid e-con-boxed e-con e-parent\" data-id=\"21bf807\" data-element_type=\"container\" data-e-type=\"container\">\n\t\t\t\t\t<div class=\"e-con-inner\">\n\t\t<div class=\"elementor-element elementor-element-ce09fd0 e-con-full e-flex e-con e-child\" data-id=\"ce09fd0\" data-element_type=\"container\" data-e-type=\"container\" data-settings=\"{&quot;background_background&quot;:&quot;gradient&quot;}\">\n\t\t\t\t<div class=\"elementor-element elementor-element-1c76c9c elementor-widget elementor-widget-heading\" data-id=\"1c76c9c\" data-element_type=\"widget\" data-e-type=\"widget\" data-widget_type=\"heading.default\">\n\t\t\t\t\t<p class=\"elementor-heading-title elementor-size-default\">VIJE\u0106NICI<\/p>\t\t\t\t<\/div>\n\t\t\t\t<div class=\"elementor-element elementor-element-e058c13 elementor-align-justify elementor-widget elementor-widget-button\" data-id=\"e058c13\" data-element_type=\"widget\" data-e-type=\"widget\" data-widget_type=\"button.default\">\n\t\t\t\t\t\t\t\t\t\t<a class=\"elementor-button elementor-button-link elementor-size-sm\" href=\"\/en\/gradska-uprava\/gradsko-vijece\/vijecnici-gradskog-vijeca\/\">\n\t\t\t\t\t\t<span class=\"elementor-button-content-wrapper\">\n\t\t\t\t\t\t\t\t\t<span class=\"elementor-button-text\">More information<\/span>\n\t\t\t\t\t<\/span>\n\t\t\t\t\t<\/a>\n\t\t\t\t\t\t\t\t<\/div>\n\t\t\t\t<\/div>\n\t\t<div class=\"elementor-element elementor-element-ebe25eb e-con-full e-flex e-con e-child\" data-id=\"ebe25eb\" data-element_type=\"container\" data-e-type=\"container\" data-settings=\"{&quot;background_background&quot;:&quot;gradient&quot;}\">\n\t\t\t\t<div class=\"elementor-element elementor-element-a4dc3f6 elementor-widget elementor-widget-heading\" data-id=\"a4dc3f6\" data-element_type=\"widget\" data-e-type=\"widget\" data-widget_type=\"heading.default\">\n\t\t\t\t\t<p class=\"elementor-heading-title elementor-size-default\">RADNA TIJELA<\/p>\t\t\t\t<\/div>\n\t\t\t\t<div class=\"elementor-element elementor-element-a164810 elementor-align-justify elementor-widget elementor-widget-button\" data-id=\"a164810\" data-element_type=\"widget\" data-e-type=\"widget\" data-widget_type=\"button.default\">\n\t\t\t\t\t\t\t\t\t\t<a class=\"elementor-button elementor-button-link elementor-size-sm\" href=\"\/en\/gradska-uprava\/gradsko-vijece\/radna-tijela-gradskog-vijeca\/\">\n\t\t\t\t\t\t<span class=\"elementor-button-content-wrapper\">\n\t\t\t\t\t\t\t\t\t<span class=\"elementor-button-text\">More information<\/span>\n\t\t\t\t\t<\/span>\n\t\t\t\t\t<\/a>\n\t\t\t\t\t\t\t\t<\/div>\n\t\t\t\t<\/div>\n\t\t<div class=\"elementor-element elementor-element-4539f69 e-con-full e-flex e-con e-child\" data-id=\"4539f69\" data-element_type=\"container\" data-e-type=\"container\" data-settings=\"{&quot;background_background&quot;:&quot;gradient&quot;}\">\n\t\t\t\t<div class=\"elementor-element elementor-element-27538bf elementor-widget elementor-widget-heading\" data-id=\"27538bf\" data-element_type=\"widget\" data-e-type=\"widget\" data-widget_type=\"heading.default\">\n\t\t\t\t\t<p class=\"elementor-heading-title elementor-size-default\">SJEDNICE<\/p>\t\t\t\t<\/div>\n\t\t\t\t<div class=\"elementor-element elementor-element-5e6bac4 elementor-align-justify elementor-widget elementor-widget-button\" data-id=\"5e6bac4\" data-element_type=\"widget\" data-e-type=\"widget\" data-widget_type=\"button.default\">\n\t\t\t\t\t\t\t\t\t\t<a class=\"elementor-button elementor-button-link elementor-size-sm\" href=\"\/en\/sjednice-gradskog-vijeca\/\">\n\t\t\t\t\t\t<span class=\"elementor-button-content-wrapper\">\n\t\t\t\t\t\t\t\t\t<span class=\"elementor-button-text\">More information<\/span>\n\t\t\t\t\t<\/span>\n\t\t\t\t\t<\/a>\n\t\t\t\t\t\t\t\t<\/div>\n\t\t\t\t<\/div>\n\t\t<div class=\"elementor-element elementor-element-1de8eba e-con-full e-flex e-con e-child\" data-id=\"1de8eba\" data-element_type=\"container\" data-e-type=\"container\" data-settings=\"{&quot;background_background&quot;:&quot;gradient&quot;}\">\n\t\t\t\t<div class=\"elementor-element elementor-element-f6df6bf elementor-widget elementor-widget-heading\" data-id=\"f6df6bf\" data-element_type=\"widget\" data-e-type=\"widget\" data-widget_type=\"heading.default\">\n\t\t\t\t\t<p class=\"elementor-heading-title elementor-size-default\">STATUT<\/p>\t\t\t\t<\/div>\n\t\t\t\t<div class=\"elementor-element elementor-element-b4b8814 elementor-align-justify elementor-widget elementor-widget-button\" data-id=\"b4b8814\" data-element_type=\"widget\" data-e-type=\"widget\" data-widget_type=\"button.default\">\n\t\t\t\t\t\t\t\t\t\t<a class=\"elementor-button elementor-button-link elementor-size-sm\" href=\"\/en\/gradska-uprava\/gradsko-vijece\/statut\/\">\n\t\t\t\t\t\t<span class=\"elementor-button-content-wrapper\">\n\t\t\t\t\t\t\t\t\t<span class=\"elementor-button-text\">More information<\/span>\n\t\t\t\t\t<\/span>\n\t\t\t\t\t<\/a>\n\t\t\t\t\t\t\t\t<\/div>\n\t\t\t\t<\/div>\n\t\t<div class=\"elementor-element elementor-element-25f4bbe e-con-full e-flex e-con e-child\" data-id=\"25f4bbe\" data-element_type=\"container\" data-e-type=\"container\" data-settings=\"{&quot;background_background&quot;:&quot;gradient&quot;}\">\n\t\t\t\t<div class=\"elementor-element elementor-element-d77e062 elementor-widget elementor-widget-heading\" data-id=\"d77e062\" data-element_type=\"widget\" data-e-type=\"widget\" data-widget_type=\"heading.default\">\n\t\t\t\t\t<p class=\"elementor-heading-title elementor-size-default\">POSLOVNIK<\/p>\t\t\t\t<\/div>\n\t\t\t\t<div class=\"elementor-element elementor-element-fe6b77e elementor-align-justify elementor-widget elementor-widget-button\" data-id=\"fe6b77e\" data-element_type=\"widget\" data-e-type=\"widget\" data-widget_type=\"button.default\">\n\t\t\t\t\t\t\t\t\t\t<a class=\"elementor-button elementor-button-link elementor-size-sm\" href=\"\/en\/gradska-uprava\/gradsko-vijece\/poslovnik\/\">\n\t\t\t\t\t\t<span class=\"elementor-button-content-wrapper\">\n\t\t\t\t\t\t\t\t\t<span class=\"elementor-button-text\">More information<\/span>\n\t\t\t\t\t<\/span>\n\t\t\t\t\t<\/a>\n\t\t\t\t\t\t\t\t<\/div>\n\t\t\t\t<\/div>\n\t\t<div class=\"elementor-element elementor-element-039f7a7 e-con-full e-flex e-con e-child\" data-id=\"039f7a7\" data-element_type=\"container\" data-e-type=\"container\" data-settings=\"{&quot;background_background&quot;:&quot;gradient&quot;}\">\n\t\t\t\t<div class=\"elementor-element elementor-element-64e9c3a elementor-widget elementor-widget-heading\" data-id=\"64e9c3a\" data-element_type=\"widget\" data-e-type=\"widget\" data-widget_type=\"heading.default\">\n\t\t\t\t\t<p class=\"elementor-heading-title elementor-size-default\">MATERIJALI ZA SJEDNICE<\/p>\t\t\t\t<\/div>\n\t\t\t\t<div class=\"elementor-element elementor-element-b6398b3 elementor-align-justify elementor-widget elementor-widget-button\" data-id=\"b6398b3\" data-element_type=\"widget\" data-e-type=\"widget\" data-widget_type=\"button.default\">\n\t\t\t\t\t\t\t\t\t\t<a class=\"elementor-button elementor-button-link elementor-size-sm\" href=\"\/en\/gradska-uprava\/gradsko-vijece\/materijali-za-sjednice\/\">\n\t\t\t\t\t\t<span class=\"elementor-button-content-wrapper\">\n\t\t\t\t\t\t\t\t\t<span class=\"elementor-button-text\">More information<\/span>\n\t\t\t\t\t<\/span>\n\t\t\t\t\t<\/a>\n\t\t\t\t\t\t\t\t<\/div>\n\t\t\t\t<\/div>\n\t\t\t\t\t<\/div>\n\t\t\t\t<\/div>\n\t\t\t\t<\/div>","protected":false},"excerpt":{"rendered":"<p>VIJE\u0106NICI Vi\u0161e informacija RADNA TIJELA Vi\u0161e informacija SJEDNICE Vi\u0161e informacija STATUT Vi\u0161e informacija POSLOVNIK Vi\u0161e informacija MATERIJALI ZA SJEDNICE Vi\u0161e informacija<\/p>","protected":false},"author":1,"featured_media":0,"parent":0,"menu_order":0,"comment_status":"closed","ping_status":"closed","template":"elementor_theme","meta":{"footnotes":""},"class_list":["post-41","page","type-page","status-publish","hentry"],"yoast_head":"<!-- This site is optimized with the Yoast SEO plugin v27.3 - https:\/\/yoast.com\/product\/yoast-seo-wordpress\/ -->\n<title>Gradsko vije\u0107e - Grad Sinj<\/title>\n<meta name=\"robots\" content=\"noindex, follow\" \/>\n<meta property=\"og:locale\" content=\"en_GB\" \/>\n<meta property=\"og:type\" content=\"article\" \/>\n<meta property=\"og:title\" content=\"Gradsko vije\u0107e - Grad Sinj\" \/>\n<meta property=\"og:description\" content=\"VIJE\u0106NICI Vi\u0161e informacija RADNA TIJELA Vi\u0161e informacija SJEDNICE Vi\u0161e informacija STATUT Vi\u0161e informacija POSLOVNIK Vi\u0161e informacija MATERIJALI ZA SJEDNICE Vi\u0161e informacija\" \/>\n<meta property=\"og:url\" content=\"https:\/\/privremena.sinj.hr\/en\/gradsko-vijece\/\" \/>\n<meta property=\"og:site_name\" content=\"Grad Sinj\" \/>\n<meta property=\"article:modified_time\" content=\"2026-03-12T13:14:52+00:00\" \/>\n<meta name=\"twitter:card\" content=\"summary_large_image\" \/>\n<meta name=\"twitter:label1\" content=\"Estimated reading time\" \/>\n\t<meta name=\"twitter:data1\" content=\"1 minute\" \/>\n<script type=\"application\/ld+json\" class=\"yoast-schema-graph\">{\"@context\":\"https:\\\/\\\/schema.org\",\"@graph\":[{\"@type\":\"WebPage\",\"@id\":\"https:\\\/\\\/privremena.sinj.hr\\\/gradsko-vijece\\\/\",\"url\":\"https:\\\/\\\/privremena.sinj.hr\\\/gradsko-vijece\\\/\",\"name\":\"Gradsko vije\u0107e - Grad Sinj\",\"isPartOf\":{\"@id\":\"https:\\\/\\\/privremena.sinj.hr\\\/#website\"},\"datePublished\":\"2025-09-19T15:31:47+00:00\",\"dateModified\":\"2026-03-12T13:14:52+00:00\",\"breadcrumb\":{\"@id\":\"https:\\\/\\\/privremena.sinj.hr\\\/gradsko-vijece\\\/#breadcrumb\"},\"inLanguage\":\"en-GB\",\"potentialAction\":[{\"@type\":\"ReadAction\",\"target\":[\"https:\\\/\\\/privremena.sinj.hr\\\/gradsko-vijece\\\/\"]}]},{\"@type\":\"BreadcrumbList\",\"@id\":\"https:\\\/\\\/privremena.sinj.hr\\\/gradsko-vijece\\\/#breadcrumb\",\"itemListElement\":[{\"@type\":\"ListItem\",\"position\":1,\"name\":\"Po\u010detna stranica\",\"item\":\"https:\\\/\\\/privremena.sinj.hr\\\/\"},{\"@type\":\"ListItem\",\"position\":2,\"name\":\"Gradsko vije\u0107e\"}]},{\"@type\":\"WebSite\",\"@id\":\"https:\\\/\\\/privremena.sinj.hr\\\/#website\",\"url\":\"https:\\\/\\\/privremena.sinj.hr\\\/\",\"name\":\"Grad Sinj\",\"description\":\"Slu\u017ebena stranica Grada Sinja\",\"publisher\":{\"@id\":\"https:\\\/\\\/privremena.sinj.hr\\\/#organization\"},\"potentialAction\":[{\"@type\":\"SearchAction\",\"target\":{\"@type\":\"EntryPoint\",\"urlTemplate\":\"https:\\\/\\\/privremena.sinj.hr\\\/?s={search_term_string}\"},\"query-input\":{\"@type\":\"PropertyValueSpecification\",\"valueRequired\":true,\"valueName\":\"search_term_string\"}}],\"inLanguage\":\"en-GB\"},{\"@type\":\"Organization\",\"@id\":\"https:\\\/\\\/privremena.sinj.hr\\\/#organization\",\"name\":\"Grad Sinj\",\"url\":\"https:\\\/\\\/privremena.sinj.hr\\\/\",\"logo\":{\"@type\":\"ImageObject\",\"inLanguage\":\"en-GB\",\"@id\":\"https:\\\/\\\/privremena.sinj.hr\\\/#\\\/schema\\\/logo\\\/image\\\/\",\"url\":\"https:\\\/\\\/privremena.sinj.hr\\\/wp-content\\\/uploads\\\/2025\\\/09\\\/cropped-logo_gradSinj-1.png\",\"contentUrl\":\"https:\\\/\\\/privremena.sinj.hr\\\/wp-content\\\/uploads\\\/2025\\\/09\\\/cropped-logo_gradSinj-1.png\",\"width\":412,\"height\":500,\"caption\":\"Grad Sinj\"},\"image\":{\"@id\":\"https:\\\/\\\/privremena.sinj.hr\\\/#\\\/schema\\\/logo\\\/image\\\/\"}}]}<\/script>\n<!-- \/ Yoast SEO plugin. -->","yoast_head_json":{"title":"Gradsko vije\u0107e - Grad Sinj","robots":{"index":"noindex","follow":"follow"},"og_locale":"en_GB","og_type":"article","og_title":"Gradsko vije\u0107e - Grad Sinj","og_description":"VIJE\u0106NICI Vi\u0161e informacija RADNA TIJELA Vi\u0161e informacija SJEDNICE Vi\u0161e informacija STATUT Vi\u0161e informacija POSLOVNIK Vi\u0161e informacija MATERIJALI ZA SJEDNICE Vi\u0161e informacija","og_url":"https:\/\/privremena.sinj.hr\/en\/gradsko-vijece\/","og_site_name":"Grad Sinj","article_modified_time":"2026-03-12T13:14:52+00:00","twitter_card":"summary_large_image","twitter_misc":{"Estimated reading time":"1 minute"},"schema":{"@context":"https:\/\/schema.org","@graph":[{"@type":"WebPage","@id":"https:\/\/privremena.sinj.hr\/gradsko-vijece\/","url":"https:\/\/privremena.sinj.hr\/gradsko-vijece\/","name":"Gradsko vije\u0107e - Grad Sinj","isPartOf":{"@id":"https:\/\/privremena.sinj.hr\/#website"},"datePublished":"2025-09-19T15:31:47+00:00","dateModified":"2026-03-12T13:14:52+00:00","breadcrumb":{"@id":"https:\/\/privremena.sinj.hr\/gradsko-vijece\/#breadcrumb"},"inLanguage":"en-GB","potentialAction":[{"@type":"ReadAction","target":["https:\/\/privremena.sinj.hr\/gradsko-vijece\/"]}]},{"@type":"BreadcrumbList","@id":"https:\/\/privremena.sinj.hr\/gradsko-vijece\/#breadcrumb","itemListElement":[{"@type":"ListItem","position":1,"name":"Po\u010detna stranica","item":"https:\/\/privremena.sinj.hr\/"},{"@type":"ListItem","position":2,"name":"Gradsko vije\u0107e"}]},{"@type":"WebSite","@id":"https:\/\/privremena.sinj.hr\/#website","url":"https:\/\/privremena.sinj.hr\/","name":"City of Sinj","description":"Official website of the City of Sinj","publisher":{"@id":"https:\/\/privremena.sinj.hr\/#organization"},"potentialAction":[{"@type":"SearchAction","target":{"@type":"EntryPoint","urlTemplate":"https:\/\/privremena.sinj.hr\/?s={search_term_string}"},"query-input":{"@type":"PropertyValueSpecification","valueRequired":true,"valueName":"search_term_string"}}],"inLanguage":"en-GB"},{"@type":"Organization","@id":"https:\/\/privremena.sinj.hr\/#organization","name":"City of Sinj","url":"https:\/\/privremena.sinj.hr\/","logo":{"@type":"ImageObject","inLanguage":"en-GB","@id":"https:\/\/privremena.sinj.hr\/#\/schema\/logo\/image\/","url":"https:\/\/privremena.sinj.hr\/wp-content\/uploads\/2025\/09\/cropped-logo_gradSinj-1.png","contentUrl":"https:\/\/privremena.sinj.hr\/wp-content\/uploads\/2025\/09\/cropped-logo_gradSinj-1.png","width":412,"height":500,"caption":"Grad Sinj"},"image":{"@id":"https:\/\/privremena.sinj.hr\/#\/schema\/logo\/image\/"}}]}},"rttpg_featured_image_url":null,"rttpg_author":{"display_name":"Ivan \u0160u\u0161njara","author_link":"https:\/\/privremena.sinj.hr\/en\/author\/ivan\/"},"rttpg_comment":0,"rttpg_category":null,"rttpg_excerpt":"VIJE\u0106NICI Vi\u0161e informacija RADNA TIJELA Vi\u0161e informacija SJEDNICE Vi\u0161e informacija STATUT Vi\u0161e informacija POSLOVNIK Vi\u0161e informacija MATERIJALI ZA SJEDNICE Vi\u0161e informacija","_links":{"self":[{"href":"https:\/\/privremena.sinj.hr\/en\/wp-json\/wp\/v2\/pages\/41","targetHints":{"allow":["GET"]}}],"collection":[{"href":"https:\/\/privremena.sinj.hr\/en\/wp-json\/wp\/v2\/pages"}],"about":[{"href":"https:\/\/privremena.sinj.hr\/en\/wp-json\/wp\/v2\/types\/page"}],"author":[{"embeddable":true,"href":"https:\/\/privremena.sinj.hr\/en\/wp-json\/wp\/v2\/users\/1"}],"replies":[{"embeddable":true,"href":"https:\/\/privremena.sinj.hr\/en\/wp-json\/wp\/v2\/comments?post=41"}],"version-history":[{"count":77,"href":"https:\/\/privremena.sinj.hr\/en\/wp-json\/wp\/v2\/pages\/41\/revisions"}],"predecessor-version":[{"id":56231,"href":"https:\/\/privremena.sinj.hr\/en\/wp-json\/wp\/v2\/pages\/41\/revisions\/56231"}],"wp:attachment":[{"href":"https:\/\/privremena.sinj.hr\/en\/wp-json\/wp\/v2\/media?parent=41"}],"curies":[{"name":"wp","href":"https:\/\/api.w.org\/{rel}","templated":true}]}}