{"id":7,"date":"2025-09-19T14:29:04","date_gmt":"2025-09-19T14:29:04","guid":{"rendered":"https:\/\/privremena.sinj.hr\/?page_id=7"},"modified":"2026-03-13T12:18:02","modified_gmt":"2026-03-13T11:18:02","slug":"gradska-uprava","status":"publish","type":"page","link":"https:\/\/privremena.sinj.hr\/en\/gradska-uprava\/","title":{"rendered":"City administration"},"content":{"rendered":"<div data-elementor-type=\"wp-page\" data-elementor-id=\"7\" class=\"elementor elementor-7\" data-elementor-post-type=\"page\">\n\t\t\t\t<div class=\"elementor-element elementor-element-4e2cd4a e-grid e-con-boxed e-con e-parent\" data-id=\"4e2cd4a\" data-element_type=\"container\" data-e-type=\"container\">\n\t\t\t\t\t<div class=\"e-con-inner\">\n\t\t<a class=\"elementor-element elementor-element-9730fd5 e-con-full e-flex e-con e-child\" data-id=\"9730fd5\" data-element_type=\"container\" data-e-type=\"container\" data-settings=\"{&quot;background_background&quot;:&quot;classic&quot;}\" href=\"\/en\/gradonacelnik\/\">\n\t\t\n\t\t<div class=\"elementor-element elementor-element-d2b03cf elementor-widget elementor-widget-heading\" data-id=\"d2b03cf\" data-element_type=\"widget\" data-e-type=\"widget\" data-widget_type=\"heading.default\">\n\t\t\t\t\t<p class=\"elementor-heading-title elementor-size-default\">MAYOR<\/p>\t\t\t\t<\/div>\n\t\t\t\t<\/a>\n\t\t<a class=\"elementor-element elementor-element-6a28107 e-con-full e-flex e-con e-child\" data-id=\"6a28107\" data-element_type=\"container\" data-e-type=\"container\" data-settings=\"{&quot;background_background&quot;:&quot;classic&quot;}\" href=\"\/en\/zamjenik-gradonacelnika\/\">\n\t\t\t\t<div class=\"elementor-element elementor-element-a1507ab elementor-widget elementor-widget-heading\" data-id=\"a1507ab\" data-element_type=\"widget\" data-e-type=\"widget\" data-widget_type=\"heading.default\">\n\t\t\t\t\t<p class=\"elementor-heading-title elementor-size-default\">DEPUTY MAYOR<\/p>\t\t\t\t<\/div>\n\t\t\t\t<\/a>\n\t\t<a class=\"elementor-element elementor-element-c722a16 e-con-full e-flex e-con e-child\" data-id=\"c722a16\" data-element_type=\"container\" data-e-type=\"container\" data-settings=\"{&quot;background_background&quot;:&quot;classic&quot;}\" href=\"\/en\/gradsko-vijece\/\">\n\t\t\t\t<div class=\"elementor-element elementor-element-359bd10 elementor-widget elementor-widget-heading\" data-id=\"359bd10\" data-element_type=\"widget\" data-e-type=\"widget\" data-widget_type=\"heading.default\">\n\t\t\t\t\t<p class=\"elementor-heading-title elementor-size-default\">CITY COUNCIL<\/p>\t\t\t\t<\/div>\n\t\t\t\t<\/a>\n\t\t<a class=\"elementor-element elementor-element-60d1aa9 e-con-full e-flex e-con e-child\" data-id=\"60d1aa9\" data-element_type=\"container\" data-e-type=\"container\" data-settings=\"{&quot;background_background&quot;:&quot;classic&quot;}\" href=\"\/en\/upravna-tijela\/\">\n\t\t\t\t<div class=\"elementor-element elementor-element-0327f31 elementor-widget elementor-widget-heading\" data-id=\"0327f31\" data-element_type=\"widget\" data-e-type=\"widget\" data-widget_type=\"heading.default\">\n\t\t\t\t\t<p class=\"elementor-heading-title elementor-size-default\">ADMINISTRATIVE BODIES<\/p>\t\t\t\t<\/div>\n\t\t\t\t<\/a>\n\t\t<a class=\"elementor-element elementor-element-1119fe3 e-con-full e-flex e-con e-child\" data-id=\"1119fe3\" data-element_type=\"container\" data-e-type=\"container\" data-settings=\"{&quot;background_background&quot;:&quot;classic&quot;}\" href=\"\/en\/mjesni-odbori\/\">\n\t\t\t\t<div class=\"elementor-element elementor-element-21ba880 elementor-widget elementor-widget-heading\" data-id=\"21ba880\" data-element_type=\"widget\" data-e-type=\"widget\" data-widget_type=\"heading.default\">\n\t\t\t\t\t<p class=\"elementor-heading-title elementor-size-default\">LOCAL COMMITTEES<\/p>\t\t\t\t<\/div>\n\t\t\t\t<\/a>\n\t\t<a class=\"elementor-element elementor-element-d0e158f e-con-full e-flex e-con e-child\" data-id=\"d0e158f\" data-element_type=\"container\" data-e-type=\"container\" data-settings=\"{&quot;background_background&quot;:&quot;classic&quot;}\" href=\"\/en\/gradske-javne-ustanove\/\">\n\t\t\t\t<div class=\"elementor-element elementor-element-75c0f2b elementor-widget elementor-widget-heading\" data-id=\"75c0f2b\" data-element_type=\"widget\" data-e-type=\"widget\" data-widget_type=\"heading.default\">\n\t\t\t\t\t<p class=\"elementor-heading-title elementor-size-default\">CITY PUBLIC INSTITUTIONS<\/p>\t\t\t\t<\/div>\n\t\t\t\t<\/a>\n\t\t\t\t\t<\/div>\n\t\t\t\t<\/div>\n\t\t\t\t<\/div>","protected":false},"excerpt":{"rendered":"<p>GRADONA\u010cELNIK ZAMJENIK GRADONA\u010cELNIKA GRADSKO VIJE\u0106E UPRAVNA TIJELA MJESNI ODBORI GRADSKE JAVNE USTANOVE<\/p>","protected":false},"author":1,"featured_media":0,"parent":0,"menu_order":0,"comment_status":"closed","ping_status":"closed","template":"","meta":{"footnotes":""},"class_list":["post-7","page","type-page","status-publish","hentry"],"yoast_head":"<!-- This site is optimized with the Yoast SEO plugin v27.3 - https:\/\/yoast.com\/product\/yoast-seo-wordpress\/ -->\n<title>Gradska uprava - Grad Sinj<\/title>\n<meta name=\"robots\" content=\"noindex, follow\" \/>\n<meta property=\"og:locale\" content=\"en_GB\" \/>\n<meta property=\"og:type\" content=\"article\" \/>\n<meta property=\"og:title\" content=\"Gradska uprava - Grad Sinj\" \/>\n<meta property=\"og:description\" content=\"GRADONA\u010cELNIK ZAMJENIK GRADONA\u010cELNIKA GRADSKO VIJE\u0106E UPRAVNA TIJELA MJESNI ODBORI GRADSKE JAVNE USTANOVE\" \/>\n<meta property=\"og:url\" content=\"https:\/\/privremena.sinj.hr\/en\/gradska-uprava\/\" \/>\n<meta property=\"og:site_name\" content=\"Grad Sinj\" \/>\n<meta property=\"article:modified_time\" content=\"2026-03-13T11:18:02+00:00\" \/>\n<meta name=\"twitter:card\" content=\"summary_large_image\" \/>\n<meta name=\"twitter:label1\" content=\"Estimated reading time\" \/>\n\t<meta name=\"twitter:data1\" content=\"1 minute\" \/>\n<script type=\"application\/ld+json\" class=\"yoast-schema-graph\">{\"@context\":\"https:\\\/\\\/schema.org\",\"@graph\":[{\"@type\":\"WebPage\",\"@id\":\"https:\\\/\\\/privremena.sinj.hr\\\/gradska-uprava\\\/\",\"url\":\"https:\\\/\\\/privremena.sinj.hr\\\/gradska-uprava\\\/\",\"name\":\"Gradska uprava - Grad Sinj\",\"isPartOf\":{\"@id\":\"https:\\\/\\\/privremena.sinj.hr\\\/#website\"},\"datePublished\":\"2025-09-19T14:29:04+00:00\",\"dateModified\":\"2026-03-13T11:18:02+00:00\",\"breadcrumb\":{\"@id\":\"https:\\\/\\\/privremena.sinj.hr\\\/gradska-uprava\\\/#breadcrumb\"},\"inLanguage\":\"en-GB\",\"potentialAction\":[{\"@type\":\"ReadAction\",\"target\":[\"https:\\\/\\\/privremena.sinj.hr\\\/gradska-uprava\\\/\"]}]},{\"@type\":\"BreadcrumbList\",\"@id\":\"https:\\\/\\\/privremena.sinj.hr\\\/gradska-uprava\\\/#breadcrumb\",\"itemListElement\":[{\"@type\":\"ListItem\",\"position\":1,\"name\":\"Po\u010detna stranica\",\"item\":\"https:\\\/\\\/privremena.sinj.hr\\\/\"},{\"@type\":\"ListItem\",\"position\":2,\"name\":\"Gradska uprava\"}]},{\"@type\":\"WebSite\",\"@id\":\"https:\\\/\\\/privremena.sinj.hr\\\/#website\",\"url\":\"https:\\\/\\\/privremena.sinj.hr\\\/\",\"name\":\"Grad Sinj\",\"description\":\"Slu\u017ebena stranica Grada Sinja\",\"publisher\":{\"@id\":\"https:\\\/\\\/privremena.sinj.hr\\\/#organization\"},\"potentialAction\":[{\"@type\":\"SearchAction\",\"target\":{\"@type\":\"EntryPoint\",\"urlTemplate\":\"https:\\\/\\\/privremena.sinj.hr\\\/?s={search_term_string}\"},\"query-input\":{\"@type\":\"PropertyValueSpecification\",\"valueRequired\":true,\"valueName\":\"search_term_string\"}}],\"inLanguage\":\"en-GB\"},{\"@type\":\"Organization\",\"@id\":\"https:\\\/\\\/privremena.sinj.hr\\\/#organization\",\"name\":\"Grad Sinj\",\"url\":\"https:\\\/\\\/privremena.sinj.hr\\\/\",\"logo\":{\"@type\":\"ImageObject\",\"inLanguage\":\"en-GB\",\"@id\":\"https:\\\/\\\/privremena.sinj.hr\\\/#\\\/schema\\\/logo\\\/image\\\/\",\"url\":\"https:\\\/\\\/privremena.sinj.hr\\\/wp-content\\\/uploads\\\/2025\\\/09\\\/cropped-logo_gradSinj-1.png\",\"contentUrl\":\"https:\\\/\\\/privremena.sinj.hr\\\/wp-content\\\/uploads\\\/2025\\\/09\\\/cropped-logo_gradSinj-1.png\",\"width\":412,\"height\":500,\"caption\":\"Grad Sinj\"},\"image\":{\"@id\":\"https:\\\/\\\/privremena.sinj.hr\\\/#\\\/schema\\\/logo\\\/image\\\/\"}}]}<\/script>\n<!-- \/ Yoast SEO plugin. -->","yoast_head_json":{"title":"Gradska uprava - Grad Sinj","robots":{"index":"noindex","follow":"follow"},"og_locale":"en_GB","og_type":"article","og_title":"Gradska uprava - Grad Sinj","og_description":"GRADONA\u010cELNIK ZAMJENIK GRADONA\u010cELNIKA GRADSKO VIJE\u0106E UPRAVNA TIJELA MJESNI ODBORI GRADSKE JAVNE USTANOVE","og_url":"https:\/\/privremena.sinj.hr\/en\/gradska-uprava\/","og_site_name":"Grad Sinj","article_modified_time":"2026-03-13T11:18:02+00:00","twitter_card":"summary_large_image","twitter_misc":{"Estimated reading time":"1 minute"},"schema":{"@context":"https:\/\/schema.org","@graph":[{"@type":"WebPage","@id":"https:\/\/privremena.sinj.hr\/gradska-uprava\/","url":"https:\/\/privremena.sinj.hr\/gradska-uprava\/","name":"Gradska uprava - Grad Sinj","isPartOf":{"@id":"https:\/\/privremena.sinj.hr\/#website"},"datePublished":"2025-09-19T14:29:04+00:00","dateModified":"2026-03-13T11:18:02+00:00","breadcrumb":{"@id":"https:\/\/privremena.sinj.hr\/gradska-uprava\/#breadcrumb"},"inLanguage":"en-GB","potentialAction":[{"@type":"ReadAction","target":["https:\/\/privremena.sinj.hr\/gradska-uprava\/"]}]},{"@type":"BreadcrumbList","@id":"https:\/\/privremena.sinj.hr\/gradska-uprava\/#breadcrumb","itemListElement":[{"@type":"ListItem","position":1,"name":"Po\u010detna stranica","item":"https:\/\/privremena.sinj.hr\/"},{"@type":"ListItem","position":2,"name":"Gradska uprava"}]},{"@type":"WebSite","@id":"https:\/\/privremena.sinj.hr\/#website","url":"https:\/\/privremena.sinj.hr\/","name":"City of Sinj","description":"Official website of the City of Sinj","publisher":{"@id":"https:\/\/privremena.sinj.hr\/#organization"},"potentialAction":[{"@type":"SearchAction","target":{"@type":"EntryPoint","urlTemplate":"https:\/\/privremena.sinj.hr\/?s={search_term_string}"},"query-input":{"@type":"PropertyValueSpecification","valueRequired":true,"valueName":"search_term_string"}}],"inLanguage":"en-GB"},{"@type":"Organization","@id":"https:\/\/privremena.sinj.hr\/#organization","name":"City of Sinj","url":"https:\/\/privremena.sinj.hr\/","logo":{"@type":"ImageObject","inLanguage":"en-GB","@id":"https:\/\/privremena.sinj.hr\/#\/schema\/logo\/image\/","url":"https:\/\/privremena.sinj.hr\/wp-content\/uploads\/2025\/09\/cropped-logo_gradSinj-1.png","contentUrl":"https:\/\/privremena.sinj.hr\/wp-content\/uploads\/2025\/09\/cropped-logo_gradSinj-1.png","width":412,"height":500,"caption":"Grad Sinj"},"image":{"@id":"https:\/\/privremena.sinj.hr\/#\/schema\/logo\/image\/"}}]}},"rttpg_featured_image_url":null,"rttpg_author":{"display_name":"Ivan \u0160u\u0161njara","author_link":"https:\/\/privremena.sinj.hr\/en\/author\/ivan\/"},"rttpg_comment":0,"rttpg_category":null,"rttpg_excerpt":"GRADONA\u010cELNIK ZAMJENIK GRADONA\u010cELNIKA GRADSKO VIJE\u0106E UPRAVNA TIJELA MJESNI ODBORI GRADSKE JAVNE USTANOVE","_links":{"self":[{"href":"https:\/\/privremena.sinj.hr\/en\/wp-json\/wp\/v2\/pages\/7","targetHints":{"allow":["GET"]}}],"collection":[{"href":"https:\/\/privremena.sinj.hr\/en\/wp-json\/wp\/v2\/pages"}],"about":[{"href":"https:\/\/privremena.sinj.hr\/en\/wp-json\/wp\/v2\/types\/page"}],"author":[{"embeddable":true,"href":"https:\/\/privremena.sinj.hr\/en\/wp-json\/wp\/v2\/users\/1"}],"replies":[{"embeddable":true,"href":"https:\/\/privremena.sinj.hr\/en\/wp-json\/wp\/v2\/comments?post=7"}],"version-history":[{"count":56,"href":"https:\/\/privremena.sinj.hr\/en\/wp-json\/wp\/v2\/pages\/7\/revisions"}],"predecessor-version":[{"id":56781,"href":"https:\/\/privremena.sinj.hr\/en\/wp-json\/wp\/v2\/pages\/7\/revisions\/56781"}],"wp:attachment":[{"href":"https:\/\/privremena.sinj.hr\/en\/wp-json\/wp\/v2\/media?parent=7"}],"curies":[{"name":"wp","href":"https:\/\/api.w.org\/{rel}","templated":true}]}}